{"id":2542,"date":"2020-05-15T11:03:53","date_gmt":"2020-05-15T11:03:53","guid":{"rendered":"http:\/\/localhost\/theratio\/?page_id=2542"},"modified":"2024-06-23T20:44:12","modified_gmt":"2024-06-23T20:44:12","slug":"molerski-radovi","status":"publish","type":"page","link":"https:\/\/adaptacijestana.rs\/index.php\/sta-vam-nudimo\/molerski-radovi\/","title":{"rendered":"Krecenje I Molerski Radovi"},"content":{"rendered":"\t\t<div data-elementor-type=\"wp-page\" data-elementor-id=\"2542\" class=\"elementor elementor-2542\" data-elementor-post-type=\"page\">\n\t\t\t\t\t\t<section class=\"elementor-section elementor-top-section elementor-element elementor-element-8e29eb5 elementor-section-boxed elementor-section-height-default elementor-section-height-default\" data-id=\"8e29eb5\" data-element_type=\"section\">\n\t\t\t\t\t\t<div class=\"elementor-container elementor-column-gap-extended\">\n\t\t\t\t\t<div class=\"elementor-column elementor-col-50 elementor-top-column elementor-element elementor-element-28559c4 ot-flex-column-vertical\" data-id=\"28559c4\" data-element_type=\"column\">\n\t\t\t<div class=\"elementor-widget-wrap elementor-element-populated\">\n\t\t\t\t\t\t<div class=\"elementor-element elementor-element-bfb3243 widget-area elementor-widget elementor-widget-sidebar\" data-id=\"bfb3243\" data-element_type=\"widget\" data-widget_type=\"sidebar.default\">\n\t\t\t\t<div class=\"elementor-widget-container\">\n\t\t\t<section id=\"nav_menu-1\" class=\"widget widget_nav_menu\"><div class=\"menu-menu-service-container\"><ul id=\"menu-menu-service\" class=\"menu\"><li id=\"menu-item-2924\" class=\"menu-item menu-item-type-post_type menu-item-object-page menu-item-2924\"><a href=\"https:\/\/adaptacijestana.rs\/index.php\/sta-vam-nudimo\/kljuc-u-ruke\/\">01. Kljuc U Ruke<\/a><\/li>\n<li id=\"menu-item-2929\" class=\"menu-item menu-item-type-post_type menu-item-object-page menu-item-2929\"><a href=\"https:\/\/adaptacijestana.rs\/index.php\/sta-vam-nudimo\/kermicarski-radovi\/\">02. Keramicarski Radovi<\/a><\/li>\n<li id=\"menu-item-2928\" class=\"menu-item menu-item-type-post_type menu-item-object-page menu-item-2928\"><a href=\"https:\/\/adaptacijestana.rs\/index.php\/sta-vam-nudimo\/molerski-radovi\/\">03. Custom Solutions<\/a><\/li>\n<li id=\"menu-item-2927\" class=\"menu-item menu-item-type-post_type menu-item-object-page menu-item-2927\"><a href=\"https:\/\/adaptacijestana.rs\/index.php\/sta-vam-nudimo\/secenje-betona-odvoz-suta\/\">04. Furniture &#038; Decor<\/a><\/li>\n<li id=\"menu-item-2926\" class=\"menu-item menu-item-type-post_type menu-item-object-page menu-item-2926\"><a href=\"https:\/\/adaptacijestana.rs\/index.php\/sta-vam-nudimo\/gipsarski-radovi-sve-vrste-fasada\/\">05. Creating Concept<\/a><\/li>\n<li id=\"menu-item-2925\" class=\"menu-item menu-item-type-post_type menu-item-object-page menu-item-2925\"><a href=\"https:\/\/adaptacijestana.rs\/index.php\/sta-vam-nudimo\/pvc-alu-stolarija\/\">06.. Author`s Control<\/a><\/li>\n<\/ul><\/div><\/section>\t\t<\/div>\n\t\t\t\t<\/div>\n\t\t\t\t\t<\/div>\n\t\t<\/div>\n\t\t\t\t<div class=\"elementor-column elementor-col-50 elementor-top-column elementor-element elementor-element-8aad263 ot-flex-column-vertical\" data-id=\"8aad263\" data-element_type=\"column\">\n\t\t\t<div class=\"elementor-widget-wrap elementor-element-populated\">\n\t\t\t\t\t\t<div class=\"elementor-element elementor-element-557500c elementor-widget elementor-widget-iheading\" data-id=\"557500c\" data-element_type=\"widget\" data-widget_type=\"iheading.default\">\n\t\t\t\t<div class=\"elementor-widget-container\">\n\t\t\t\t\t<div class=\"ot-heading \">\r\n\t        <span>[ what we offer ]<\/span>\t        <h2 class=\"main-heading\">Krecenje I Molerski Radovi<\/h2>\t    <\/div>\r\n\t    \t\t<\/div>\n\t\t\t\t<\/div>\n\t\t\t\t<div class=\"elementor-element elementor-element-ce13a42 elementor-widget elementor-widget-text-editor\" data-id=\"ce13a42\" data-element_type=\"widget\" data-widget_type=\"text-editor.default\">\n\t\t\t\t<div class=\"elementor-widget-container\">\n\t\t\t<style>\/*! elementor - v3.22.0 - 17-06-2024 *\/\n.elementor-widget-text-editor.elementor-drop-cap-view-stacked .elementor-drop-cap{background-color:#69727d;color:#fff}.elementor-widget-text-editor.elementor-drop-cap-view-framed .elementor-drop-cap{color:#69727d;border:3px solid;background-color:transparent}.elementor-widget-text-editor:not(.elementor-drop-cap-view-default) .elementor-drop-cap{margin-top:8px}.elementor-widget-text-editor:not(.elementor-drop-cap-view-default) .elementor-drop-cap-letter{width:1em;height:1em}.elementor-widget-text-editor .elementor-drop-cap{float:left;text-align:center;line-height:1;font-size:50px}.elementor-widget-text-editor .elementor-drop-cap-letter{display:inline-block}<\/style>\t\t\t\t<ul><li><p><strong>Kompletna usluga kre\u010denja i molerskih radova:<\/strong> Pru\u017eamo sveobuhvatne usluge kre\u010denja i molerskih radova koje obuhvataju sve faze, od pripreme povr\u0161ina do zavr\u0161ne obrade, osiguravaju\u0107i besprekornu zavr\u0161nu obradu.<\/p><\/li><li><p><strong>Kre\u010denje zidova i plafona:<\/strong> Specijalizovani smo za kre\u010denje zidova i plafona, koriste\u0107i visokokvalitetne boje koje garantuju dugotrajnost i otpornost na habanje, \u0161to je posebno va\u017eno za projekte renoviranja i adaptacije stana.<\/p><\/li><li><p><strong>Priprema povr\u0161ina:<\/strong> Pre kre\u010denja, na\u0161i stru\u010dnjaci pa\u017eljivo pripremaju zidove, uklju\u010duju\u0107i uklanjanje starih slojeva boje, popunjavanje pukotina i izravnavanje povr\u0161ina, kako bi osigurali glatku i ravnu zavr\u0161nu obradu.<br \/><br \/>\u2022 Za\u0161tita prostora u kojem se izvode radovi<br \/>\u2022 Priprema povr\u0161ina za rad<br \/>\u2022 Gletovanje, \u0161mirglanje<br \/>\u2022 Bojenje-kre\u010denje<br \/>\u2022 Kontrola kvaliteta<br \/>\u2022 \u010ci\u0161\u0107enje prostora<\/p><\/li><\/ul>\t\t\t\t\t\t<\/div>\n\t\t\t\t<\/div>\n\t\t\t\t<div class=\"elementor-element elementor-element-bcdab04 elementor-widget elementor-widget-theratio-image-carousel\" data-id=\"bcdab04\" data-element_type=\"widget\" data-widget_type=\"theratio-image-carousel.default\">\n\t\t\t\t<div class=\"elementor-widget-container\">\n\t\t\t\r\n\t\t<div class=\"image-carousel swiper swiper-container\" data-slider_options=\"{&quot;slides_show_desktop&quot;:2,&quot;slides_show_tablet&quot;:2,&quot;slides_show_mobile&quot;:2,&quot;slides_scroll_desktop&quot;:1,&quot;slides_scroll_tablet&quot;:1,&quot;slides_scroll_mobile&quot;:1,&quot;margin_desktop&quot;:30,&quot;margin_tablet&quot;:30,&quot;margin_mobile&quot;:30,&quot;arrows&quot;:true,&quot;dots&quot;:false}\"  >\t\t\t\r\n\t\t\t<div class=\"swiper-wrapper\">\r\n\t\t        <div class=\"swiper-slide\"><div class=\"img-item\"><figure><img decoding=\"async\" src=\"https:\/\/adaptacijestana.rs\/wp-content\/uploads\/2020\/05\/service-silder5.jpg\" alt=\"\"><\/figure><\/div><\/div><div class=\"swiper-slide\"><div class=\"img-item\"><figure><img decoding=\"async\" src=\"https:\/\/adaptacijestana.rs\/wp-content\/uploads\/2020\/05\/service-silder6.jpg\" alt=\"\"><\/figure><\/div><\/div>\t\t    <\/div>\r\n\r\n\t\t\t\t\t\t\t\t\t<!-- Add Arrows -->\r\n\t\t\t<div class=\"octf-swiper-button-next\"><i class=\"ot-flaticon-right-arrow\"><\/i><\/div>\r\n\t\t\t<div class=\"octf-swiper-button-prev\"><i class=\"ot-flaticon-left-arrow\"><\/i><\/div>\r\n\t\t\t\t    <\/div>\r\n\t\t\t\t<\/div>\n\t\t\t\t<\/div>\n\t\t\t\t<div class=\"elementor-element elementor-element-0a4086f elementor-widget elementor-widget-text-editor\" data-id=\"0a4086f\" data-element_type=\"widget\" data-widget_type=\"text-editor.default\">\n\t\t\t\t<div class=\"elementor-widget-container\">\n\t\t\t\t\t\t\t<ul><li><p><strong>Kvalitetne boje i materijali:<\/strong> Koristimo samo najkvalitetnije boje i materijale koji pru\u017eaju otpornost na vlagu i prljav\u0161tinu, osiguravaju\u0107i da va\u0161 dom zadr\u017ei sve\u017e izgled dugi niz godina.<\/p><\/li><li><p><strong>Dekorativni molerski radovi:<\/strong> Nudimo \u0161irok spektar dekorativnih molerskih tehnika, uklju\u010duju\u0107i upotrebu \u0161ablona, teksturirane boje i specijalnih premaza, kako bismo dodali jedinstven karakter i stil va\u0161em prostoru.<\/p><\/li><li><p><strong>Bojenje drvenih i metalnih povr\u0161ina:<\/strong> Pored kre\u010denja zidova, pru\u017eamo usluge bojenja drvenih i metalnih povr\u0161ina, kao \u0161to su vrata, prozori i ograde, koriste\u0107i specijalizovane boje koje osiguravaju dugotrajnu za\u0161titu i lep izgled.<\/p><\/li><li><p><strong>Adaptacija stana:<\/strong> Na\u0161e usluge kre\u010denja i molerskih radova su klju\u010dne za svaku adaptaciju stana, pru\u017eaju\u0107i va\u0161em prostoru potpuno novi izgled i osve\u017eenje. Radimo u skladu sa va\u0161im \u017eeljama kako bismo postigli optimalne rezultate.<\/p><\/li><li><p><strong>Renoviranje stana:<\/strong> Kre\u010denje i molerski radovi su neizostavni deo svakog uspe\u0161nog renoviranja stana. Na\u0161 tim osigurava da sve bude obavljeno sa maksimalnom pa\u017enjom prema detaljima i u skladu sa najvi\u0161im standardima kvaliteta.<\/p><\/li><li><p><strong>Brzo i efikasno:<\/strong> Na\u0161 tim je poznat po brzoj i efikasnoj realizaciji radova, omogu\u0107avaju\u0107i vam da se uselite u svoj obnovljeni prostor u najkra\u0107em mogu\u0107em roku, bez kompromisa na kvalitetu<\/p><\/li><\/ul>\t\t\t\t\t\t<\/div>\n\t\t\t\t<\/div>\n\t\t\t\t<div class=\"elementor-element elementor-element-6580f3a elementor-widget elementor-widget-image\" data-id=\"6580f3a\" data-element_type=\"widget\" data-widget_type=\"image.default\">\n\t\t\t\t<div class=\"elementor-widget-container\">\n\t\t\t<style>\/*! elementor - v3.22.0 - 17-06-2024 *\/\n.elementor-widget-image{text-align:center}.elementor-widget-image a{display:inline-block}.elementor-widget-image a img[src$=\".svg\"]{width:48px}.elementor-widget-image img{vertical-align:middle;display:inline-block}<\/style>\t\t\t\t\t\t\t\t\t\t<img fetchpriority=\"high\" decoding=\"async\" width=\"870\" height=\"520\" src=\"https:\/\/adaptacijestana.rs\/wp-content\/uploads\/2020\/05\/image1-service3.jpg\" class=\"attachment-full size-full wp-image-2523\" alt=\"\" srcset=\"https:\/\/adaptacijestana.rs\/wp-content\/uploads\/2020\/05\/image1-service3.jpg 870w, https:\/\/adaptacijestana.rs\/wp-content\/uploads\/2020\/05\/image1-service3-300x179.jpg 300w, https:\/\/adaptacijestana.rs\/wp-content\/uploads\/2020\/05\/image1-service3-768x459.jpg 768w\" sizes=\"(max-width: 870px) 100vw, 870px\" \/>\t\t\t\t\t\t\t\t\t\t\t\t\t<\/div>\n\t\t\t\t<\/div>\n\t\t\t\t<section class=\"elementor-section elementor-inner-section elementor-element elementor-element-0ea282c elementor-section-full_width elementor-section-height-default elementor-section-height-default\" data-id=\"0ea282c\" data-element_type=\"section\">\n\t\t\t\t\t\t<div class=\"elementor-container elementor-column-gap-default\">\n\t\t\t\t\t<div class=\"elementor-column elementor-col-33 elementor-inner-column elementor-element elementor-element-eed2b70 ot-flex-column-vertical\" data-id=\"eed2b70\" data-element_type=\"column\">\n\t\t\t<div class=\"elementor-widget-wrap elementor-element-populated\">\n\t\t\t\t\t\t<div class=\"elementor-element elementor-element-eb4e121 elementor-widget elementor-widget-iprogress\" data-id=\"eb4e121\" data-element_type=\"widget\" data-widget_type=\"iprogress.default\">\n\t\t\t\t<div class=\"elementor-widget-container\">\n\t\t\t\r\n\t\t\t\t<div class=\"circle-progress tbottom\" data-color=\"#939393\" data-height=\"2\" data-size=\"165\">\r\n\t\t\t<div class=\"inner-bar\" data-percent=\"85\">\r\n\t\t\t\t<span>\r\n\t\t\t\t\t<span class=\"percent\">85<\/span>\t\t\t\t<\/span>\r\n\t\t\t<\/div>\r\n\t\t\t<h4>Zadovoljni Klijenti<\/h4>\t\t<\/div>\r\n\t\t\r\n\t    \t\t<\/div>\n\t\t\t\t<\/div>\n\t\t\t\t<div class=\"elementor-element elementor-element-e3787bc elementor-widget elementor-widget-text-editor\" data-id=\"e3787bc\" data-element_type=\"widget\" data-widget_type=\"text-editor.default\">\n\t\t\t\t<div class=\"elementor-widget-container\">\n\t\t\t\t\t\t\t<p>Iza nas je ogroman broj zadovoljnih klijenata.<\/p>\t\t\t\t\t\t<\/div>\n\t\t\t\t<\/div>\n\t\t\t\t\t<\/div>\n\t\t<\/div>\n\t\t\t\t<div class=\"elementor-column elementor-col-33 elementor-inner-column elementor-element elementor-element-bf77976 ot-flex-column-vertical\" data-id=\"bf77976\" data-element_type=\"column\">\n\t\t\t<div class=\"elementor-widget-wrap elementor-element-populated\">\n\t\t\t\t\t\t<div class=\"elementor-element elementor-element-5884740 elementor-widget elementor-widget-iprogress\" data-id=\"5884740\" data-element_type=\"widget\" data-widget_type=\"iprogress.default\">\n\t\t\t\t<div class=\"elementor-widget-container\">\n\t\t\t\r\n\t\t\t\t<div class=\"circle-progress tbottom\" data-color=\"#939393\" data-height=\"2\" data-size=\"165\">\r\n\t\t\t<div class=\"inner-bar\" data-percent=\"90\">\r\n\t\t\t\t<span>\r\n\t\t\t\t\t<span class=\"percent\">90<\/span>\t\t\t\t<\/span>\r\n\t\t\t<\/div>\r\n\t\t\t<h4>Kvalitet Usluge<\/h4>\t\t<\/div>\r\n\t\t\r\n\t    \t\t<\/div>\n\t\t\t\t<\/div>\n\t\t\t\t<div class=\"elementor-element elementor-element-e6bbf00 elementor-widget elementor-widget-text-editor\" data-id=\"e6bbf00\" data-element_type=\"widget\" data-widget_type=\"text-editor.default\">\n\t\t\t\t<div class=\"elementor-widget-container\">\n\t\t\t\t\t\t\t<p>Kvalitet boja i usluge koje nudimo su verujte nam bez premca.<\/p>\t\t\t\t\t\t<\/div>\n\t\t\t\t<\/div>\n\t\t\t\t\t<\/div>\n\t\t<\/div>\n\t\t\t\t<div class=\"elementor-column elementor-col-33 elementor-inner-column elementor-element elementor-element-942a385 ot-flex-column-vertical\" data-id=\"942a385\" data-element_type=\"column\">\n\t\t\t<div class=\"elementor-widget-wrap elementor-element-populated\">\n\t\t\t\t\t\t<div class=\"elementor-element elementor-element-fad47b1 elementor-widget elementor-widget-iprogress\" data-id=\"fad47b1\" data-element_type=\"widget\" data-widget_type=\"iprogress.default\">\n\t\t\t\t<div class=\"elementor-widget-container\">\n\t\t\t\r\n\t\t\t\t<div class=\"circle-progress tbottom\" data-color=\"#939393\" data-height=\"2\" data-size=\"165\">\r\n\t\t\t<div class=\"inner-bar\" data-percent=\"85\">\r\n\t\t\t\t<span>\r\n\t\t\t\t\t<span class=\"percent\">85<\/span>\t\t\t\t<\/span>\r\n\t\t\t<\/div>\r\n\t\t\t<h4>Strucnost Majstora<\/h4>\t\t<\/div>\r\n\t\t\r\n\t    \t\t<\/div>\n\t\t\t\t<\/div>\n\t\t\t\t<div class=\"elementor-element elementor-element-d18e537 elementor-widget elementor-widget-text-editor\" data-id=\"d18e537\" data-element_type=\"widget\" data-widget_type=\"text-editor.default\">\n\t\t\t\t<div class=\"elementor-widget-container\">\n\t\t\t\t\t\t\t<p>Nasi majstori imaju ogromno iskustvo kad je rec o molerskim radovima.<\/p>\t\t\t\t\t\t<\/div>\n\t\t\t\t<\/div>\n\t\t\t\t\t<\/div>\n\t\t<\/div>\n\t\t\t\t\t<\/div>\n\t\t<\/section>\n\t\t\t\t<div class=\"elementor-element elementor-element-adff670 elementor-widget elementor-widget-iheading\" data-id=\"adff670\" data-element_type=\"widget\" data-widget_type=\"iheading.default\">\n\t\t\t\t<div class=\"elementor-widget-container\">\n\t\t\t\t\t<div class=\"ot-heading is-dots\">\r\n\t        <span>[ Recenzije]<\/span>\t        <h2 class=\"main-heading\">Sta Klijenti Kazu<\/h2>\t    <\/div>\r\n\t    \t\t<\/div>\n\t\t\t\t<\/div>\n\t\t\t\t<div class=\"elementor-element elementor-element-f646431 elementor-widget elementor-widget-itestimonials\" data-id=\"f646431\" data-element_type=\"widget\" data-widget_type=\"itestimonials.default\">\n\t\t\t\t<div class=\"elementor-widget-container\">\n\t\t\t\r\n\t\t<div class=\"ot-testimonials v-light\">\t\t\t\t\t\t\r\n\t\t\t\r\n\t\t\t<div class=\"testimonial-inner ot-testimonials-slider-s1 swiper swiper-container\" data-slider_options=\"{&quot;slides_show_desktop&quot;:2,&quot;slides_show_tablet&quot;:2,&quot;slides_show_mobile&quot;:2,&quot;slides_scroll_desktop&quot;:1,&quot;slides_scroll_tablet&quot;:1,&quot;slides_scroll_mobile&quot;:1,&quot;arrows&quot;:false,&quot;dots&quot;:true}\"  >\r\n\t\t\t\t<div class=\"swiper-wrapper\">\r\n\t\t\t\t\t\t\t\t\t<div class=\"swiper-slide\">\r\n\t\t\t\t\t\t<div class=\"testi-item\">\r\n\t\t\t\t\t        <div class=\"ttext\">\r\n\t\t\t\t\t        \t<div class=\"layer-behind\"><\/div>\r\n\t\t\t\t\t        \t<span><\/span>\r\n\t\t\t\t\t        \t\"You will never fake the feeling of being in such a place. The live minimalism base on the natural materials & alive unprocessed.\"\t\t\t\t\t        <\/div>\r\n\t\t\t\t\t        <div class=\"t-head flex-middle\">\r\n\t\t\t\t\t\t\t\t<img decoding=\"async\" width=\"80\" height=\"80\" src=\"https:\/\/adaptacijestana.rs\/wp-content\/uploads\/2020\/05\/testi1.png\" class=\"attachment-thumbnail size-thumbnail\" alt=\"\" \/>\t\t\t\t\t        \t<div class=\"tinfo\">\r\n\t\t\t\t\t        \t\t<h6>Anna Paulina<\/h6>\r\n\t\t\t\t\t        \t\t<span>Client of Company<\/span>\t\t\t\t\t        \t<\/div>\r\n\t\t\t\t        \t<\/div>\r\n\t\t\t        \t<\/div>\r\n\t\t\t\t\t<\/div>\r\n\t\t\t\t\t\t\t\t\t<div class=\"swiper-slide\">\r\n\t\t\t\t\t\t<div class=\"testi-item\">\r\n\t\t\t\t\t        <div class=\"ttext\">\r\n\t\t\t\t\t        \t<div class=\"layer-behind\"><\/div>\r\n\t\t\t\t\t        \t<span><\/span>\r\n\t\t\t\t\t        \t\"You will never fake the feeling of being in such a place. The live minimalism base on the natural materials & alive unprocessed.\"\t\t\t\t\t        <\/div>\r\n\t\t\t\t\t        <div class=\"t-head flex-middle\">\r\n\t\t\t\t\t\t\t\t<img decoding=\"async\" width=\"80\" height=\"80\" src=\"https:\/\/adaptacijestana.rs\/wp-content\/uploads\/2020\/05\/testi2.png\" class=\"attachment-thumbnail size-thumbnail\" alt=\"\" \/>\t\t\t\t\t        \t<div class=\"tinfo\">\r\n\t\t\t\t\t        \t\t<h6>Pablo Gusterio<\/h6>\r\n\t\t\t\t\t        \t\t<span>Client of Company<\/span>\t\t\t\t\t        \t<\/div>\r\n\t\t\t\t        \t<\/div>\r\n\t\t\t        \t<\/div>\r\n\t\t\t\t\t<\/div>\r\n\t\t\t\t\t\t\t\t\t<div class=\"swiper-slide\">\r\n\t\t\t\t\t\t<div class=\"testi-item\">\r\n\t\t\t\t\t        <div class=\"ttext\">\r\n\t\t\t\t\t        \t<div class=\"layer-behind\"><\/div>\r\n\t\t\t\t\t        \t<span><\/span>\r\n\t\t\t\t\t        \t\"You will never fake the feeling of being in such a place. The live minimalism base on the natural materials & alive unprocessed.\"\t\t\t\t\t        <\/div>\r\n\t\t\t\t\t        <div class=\"t-head flex-middle\">\r\n\t\t\t\t\t\t\t\t<img loading=\"lazy\" decoding=\"async\" width=\"80\" height=\"80\" src=\"https:\/\/adaptacijestana.rs\/wp-content\/uploads\/2020\/05\/testi3.png\" class=\"attachment-thumbnail size-thumbnail\" alt=\"\" \/>\t\t\t\t\t        \t<div class=\"tinfo\">\r\n\t\t\t\t\t        \t\t<h6>Kristina Lee<\/h6>\r\n\t\t\t\t\t        \t\t<span>Client of Company<\/span>\t\t\t\t\t        \t<\/div>\r\n\t\t\t\t        \t<\/div>\r\n\t\t\t        \t<\/div>\r\n\t\t\t\t\t<\/div>\r\n\t\t\t\t\t\t\t\t<\/div>\r\n\r\n\t\t\t\t\t\t\t\t\t\t\t\t<!-- Add Dots -->\r\n\t\t\t\t<div class=\"octf-swiper-pagination\"><\/div>\r\n\t\t\t\t\t\t\t<\/div>\t\t\t\t\r\n\t    <\/div>\r\n\r\n\t    \t\t<\/div>\n\t\t\t\t<\/div>\n\t\t\t\t\t<\/div>\n\t\t<\/div>\n\t\t\t\t\t<\/div>\n\t\t<\/section>\n\t\t\t\t<\/div>\n\t\t","protected":false},"excerpt":{"rendered":"<p>[ what we offer ] Krecenje I Molerski Radovi Kompletna usluga kre\u010denja i molerskih radova: Pru\u017eamo sveobuhvatne usluge kre\u010denja i molerskih radova koje obuhvataju sve faze, od pripreme povr\u0161ina do zavr\u0161ne obrade, osiguravaju\u0107i besprekornu zavr\u0161nu obradu. Kre\u010denje zidova i plafona: Specijalizovani smo za kre\u010denje zidova i plafona, koriste\u0107i visokokvalitetne boje koje garantuju dugotrajnost i otpornost [&hellip;]<\/p>\n","protected":false},"author":1,"featured_media":0,"parent":2405,"menu_order":0,"comment_status":"closed","ping_status":"closed","template":"","meta":{"footnotes":""},"class_list":["post-2542","page","type-page","status-publish","hentry"],"meta_box":{"page_layout":"full-content","pheader_switch":"1","pheader_bg_image":[{"width":150,"height":150,"file":"2020\/05\/pheader-service-detail3.jpg","filesize":106000,"sizes":{"medium":{"file":"pheader-service-detail3-300x78.jpg","width":300,"height":78,"mime-type":"image\/jpeg","filesize":4521,"url":"https:\/\/adaptacijestana.rs\/wp-content\/uploads\/2020\/05\/pheader-service-detail3-300x78.jpg"},"large":{"file":"pheader-service-detail3-1024x267.jpg","width":1024,"height":267,"mime-type":"image\/jpeg","filesize":35799,"url":"https:\/\/adaptacijestana.rs\/wp-content\/uploads\/2020\/05\/pheader-service-detail3-1024x267.jpg"},"thumbnail":{"file":"pheader-service-detail3-150x150.jpg","width":150,"height":150,"mime-type":"image\/jpeg","filesize":4106,"url":"https:\/\/adaptacijestana.rs\/wp-content\/uploads\/2020\/05\/pheader-service-detail3-150x150.jpg"},"medium_large":{"file":"pheader-service-detail3-768x200.jpg","width":768,"height":200,"mime-type":"image\/jpeg","filesize":21599,"url":"https:\/\/adaptacijestana.rs\/wp-content\/uploads\/2020\/05\/pheader-service-detail3-768x200.jpg"},"1536x1536":{"file":"pheader-service-detail3-1536x400.jpg","width":1536,"height":400,"mime-type":"image\/jpeg","filesize":69661,"url":"https:\/\/adaptacijestana.rs\/wp-content\/uploads\/2020\/05\/pheader-service-detail3-1536x400.jpg"},"theratio-grid-post-thumbnail":{"file":"pheader-service-detail3-805x500.jpg","width":805,"height":500,"mime-type":"image\/jpeg","filesize":53009,"url":"https:\/\/adaptacijestana.rs\/wp-content\/uploads\/2020\/05\/pheader-service-detail3-805x500.jpg"},"theratio-portfolio-thumbnail-grid":{"file":"pheader-service-detail3-720x500.jpg","width":720,"height":500,"mime-type":"image\/jpeg","filesize":47894,"url":"https:\/\/adaptacijestana.rs\/wp-content\/uploads\/2020\/05\/pheader-service-detail3-720x500.jpg"},"theratio-portfolio-thumbnail-gridx2":{"file":"pheader-service-detail3-1440x500.jpg","width":1440,"height":500,"mime-type":"image\/jpeg","filesize":84979,"url":"https:\/\/adaptacijestana.rs\/wp-content\/uploads\/2020\/05\/pheader-service-detail3-1440x500.jpg"}},"image_meta":{"aperture":"0","credit":"","camera":"","caption":"","created_timestamp":"0","copyright":"","focal_length":"0","iso":"0","shutter_speed":"0","title":"","orientation":"0","keywords":[]},"ID":"2489","name":"pheader-service-detail3.jpg","path":"\/home\/mirkoviclux\/adaptacijestana.rs\/wp-content\/uploads\/2020\/05\/pheader-service-detail3.jpg","url":"https:\/\/adaptacijestana.rs\/wp-content\/uploads\/2020\/05\/pheader-service-detail3-150x150.jpg","full_url":"https:\/\/adaptacijestana.rs\/wp-content\/uploads\/2020\/05\/pheader-service-detail3.jpg","title":"pheader-service-detail3","caption":"","description":"","alt":"","srcset":false}],"select_header":"","select_header_mobile":"","is_trans":"default","select_footer":""},"_links":{"self":[{"href":"https:\/\/adaptacijestana.rs\/index.php\/wp-json\/wp\/v2\/pages\/2542","targetHints":{"allow":["GET"]}}],"collection":[{"href":"https:\/\/adaptacijestana.rs\/index.php\/wp-json\/wp\/v2\/pages"}],"about":[{"href":"https:\/\/adaptacijestana.rs\/index.php\/wp-json\/wp\/v2\/types\/page"}],"author":[{"embeddable":true,"href":"https:\/\/adaptacijestana.rs\/index.php\/wp-json\/wp\/v2\/users\/1"}],"replies":[{"embeddable":true,"href":"https:\/\/adaptacijestana.rs\/index.php\/wp-json\/wp\/v2\/comments?post=2542"}],"version-history":[{"count":9,"href":"https:\/\/adaptacijestana.rs\/index.php\/wp-json\/wp\/v2\/pages\/2542\/revisions"}],"predecessor-version":[{"id":4696,"href":"https:\/\/adaptacijestana.rs\/index.php\/wp-json\/wp\/v2\/pages\/2542\/revisions\/4696"}],"up":[{"embeddable":true,"href":"https:\/\/adaptacijestana.rs\/index.php\/wp-json\/wp\/v2\/pages\/2405"}],"wp:attachment":[{"href":"https:\/\/adaptacijestana.rs\/index.php\/wp-json\/wp\/v2\/media?parent=2542"}],"curies":[{"name":"wp","href":"https:\/\/api.w.org\/{rel}","templated":true}]}}